{"id":2005,"date":"2025-04-17T14:45:34","date_gmt":"2025-04-17T14:45:34","guid":{"rendered":"https:\/\/dolos.balancecompany.pt\/?page_id=2005"},"modified":"2025-10-28T16:23:36","modified_gmt":"2025-10-28T16:23:36","slug":"balance-pilates","status":"publish","type":"page","link":"https:\/\/dolos.balancecompany.pt\/es\/balance-pilates\/","title":{"rendered":"PILATES DE EQUILIBRIO"},"content":{"rendered":"<div id=\"form\" class=\"fusion-container-anchor\"><div class=\"fusion-fullwidth fullwidth-box fusion-builder-row-1 fusion-flex-container has-pattern-background has-mask-background fusion-parallax-none hundred-percent-fullwidth non-hundred-percent-height-scrolling\" style=\"--awb-border-radius-top-left:0px;--awb-border-radius-top-right:0px;--awb-border-radius-bottom-right:0px;--awb-border-radius-bottom-left:0px;--awb-padding-top:100px;--awb-padding-bottom:100px;--awb-padding-top-small:30px;--awb-margin-top:0px;--awb-margin-bottom:0px;--awb-background-image:linear-gradient(90deg, rgba(0,0,0,0.6) 0%,rgba(0,0,0,0.6) 100%),url(https:\/\/dolos.balancecompany.pt\/core\/wp-content\/uploads\/FundoPilates_2-scaled.jpg);;--awb-background-size:cover;--awb-flex-wrap:wrap;\" ><div class=\"fusion-builder-row fusion-row fusion-flex-align-items-center fusion-flex-justify-content-center fusion-flex-content-wrap\" style=\"width:104% !important;max-width:104% !important;margin-left: calc(-4% \/ 2 );margin-right: calc(-4% \/ 2 );\"><div class=\"fusion-layout-column fusion_builder_column fusion-builder-column-0 fusion_builder_column_3_5 3_5 fusion-flex-column fusion-flex-align-self-stretch newlp_bc\" style=\"--awb-padding-top-small:30px;--awb-bg-size:cover;--awb-width-large:60%;--awb-margin-top-large:0px;--awb-spacing-right-large:3.2%;--awb-margin-bottom-large:20px;--awb-spacing-left-large:3.2%;--awb-width-medium:50%;--awb-order-medium:0;--awb-spacing-right-medium:3.84%;--awb-spacing-left-medium:3.84%;--awb-width-small:100%;--awb-order-small:0;--awb-spacing-right-small:1.92%;--awb-spacing-left-small:1.92%;\" data-motion-effects=\"[{&quot;type&quot;:&quot;&quot;,&quot;scroll_type&quot;:&quot;transition&quot;,&quot;scroll_direction&quot;:&quot;up&quot;,&quot;transition_speed&quot;:&quot;1&quot;,&quot;fade_type&quot;:&quot;in&quot;,&quot;scale_type&quot;:&quot;up&quot;,&quot;initial_scale&quot;:&quot;1&quot;,&quot;max_scale&quot;:&quot;1.5&quot;,&quot;min_scale&quot;:&quot;0.5&quot;,&quot;initial_rotate&quot;:&quot;0&quot;,&quot;end_rotate&quot;:&quot;30&quot;,&quot;initial_blur&quot;:&quot;0&quot;,&quot;end_blur&quot;:&quot;3&quot;,&quot;start_element&quot;:&quot;top&quot;,&quot;start_viewport&quot;:&quot;bottom&quot;,&quot;end_element&quot;:&quot;bottom&quot;,&quot;end_viewport&quot;:&quot;top&quot;,&quot;mouse_effect&quot;:&quot;track&quot;,&quot;mouse_effect_direction&quot;:&quot;opposite&quot;,&quot;mouse_effect_speed&quot;:&quot;2&quot;,&quot;infinite_animation&quot;:&quot;float&quot;,&quot;infinite_animation_speed&quot;:&quot;2&quot;}]\" data-scroll-devices=\"small-visibility,medium-visibility,large-visibility\"><div class=\"fusion-column-wrapper fusion-column-has-shadow fusion-flex-justify-content-center fusion-content-layout-column\"><div class=\"fusion-image-element\" style=\"text-align:center;--awb-max-width:200px;--awb-caption-title-font-family:var(--h2_typography-font-family);--awb-caption-title-font-weight:var(--h2_typography-font-weight);--awb-caption-title-font-style:var(--h2_typography-font-style);--awb-caption-title-size:var(--h2_typography-font-size);--awb-caption-title-transform:var(--h2_typography-text-transform);--awb-caption-title-line-height:var(--h2_typography-line-height);--awb-caption-title-letter-spacing:var(--h2_typography-letter-spacing);\"><span class=\"fusion-imageframe imageframe-none imageframe-1 hover-type-none\"><img decoding=\"async\" width=\"2560\" height=\"1147\" title=\"LOGOTIPO DE PILATES-03\" src=\"https:\/\/dolos.balancecompany.pt\/core\/wp-content\/uploads\/LOGO-PILATES-03-scaled.png\" alt class=\"img-responsive wp-image-2009\" srcset=\"https:\/\/dolos.balancecompany.pt\/core\/wp-content\/uploads\/LOGO-PILATES-03-200x90.png 200w, https:\/\/dolos.balancecompany.pt\/core\/wp-content\/uploads\/LOGO-PILATES-03-400x179.png 400w, https:\/\/dolos.balancecompany.pt\/core\/wp-content\/uploads\/LOGO-PILATES-03-600x269.png 600w, https:\/\/dolos.balancecompany.pt\/core\/wp-content\/uploads\/LOGO-PILATES-03-800x358.png 800w, https:\/\/dolos.balancecompany.pt\/core\/wp-content\/uploads\/LOGO-PILATES-03-1200x538.png 1200w, https:\/\/dolos.balancecompany.pt\/core\/wp-content\/uploads\/LOGO-PILATES-03-scaled.png 2560w\" sizes=\"(max-width: 640px) 100vw, 800px\" \/><\/span><\/div><div class=\"fusion-title title fusion-title-1 fusion-no-small-visibility fusion-no-medium-visibility fusion-sep-none fusion-title-center fusion-title-text fusion-title-size-one\" style=\"--awb-text-color:#ffffff;--awb-margin-top:0px;--awb-margin-bottom:0px;--awb-font-size:80px;\"><h1 class=\"fusion-title-heading title-heading-center\" style=\"font-family:&quot;Montserrat&quot;;font-style:normal;font-weight:800;margin:0;font-size:1em;text-transform:uppercase;line-height:1;\">TU NUEVO ESTUDIO<br \/>\nReformer de Pilates<\/h1><\/div><div class=\"fusion-title title fusion-title-2 fusion-no-small-visibility fusion-no-large-visibility fusion-sep-none fusion-title-center fusion-title-text fusion-title-size-one\" style=\"--awb-text-color:#ffffff;--awb-margin-top:0px;--awb-margin-bottom:0px;--awb-font-size:50px;\"><h1 class=\"fusion-title-heading title-heading-center\" style=\"font-family:&quot;Montserrat&quot;;font-style:normal;font-weight:800;margin:0;font-size:1em;text-transform:uppercase;line-height:1;\">TU NUEVO ESTUDIO<br \/>\nReformer de Pilates<\/h1><\/div><div class=\"fusion-title title fusion-title-3 fusion-no-medium-visibility fusion-no-large-visibility fusion-sep-none fusion-title-center fusion-title-text fusion-title-size-one\" style=\"--awb-text-color:#ffffff;--awb-margin-top:0px;--awb-margin-bottom:0px;--awb-font-size:40px;\"><h1 class=\"fusion-title-heading title-heading-center\" style=\"font-family:&quot;Montserrat&quot;;font-style:normal;font-weight:800;margin:0;font-size:1em;text-transform:uppercase;line-height:1;\">TU NUEVO ESTUDIO<br \/>\nReformer de Pilates<\/h1><\/div><div class=\"fusion-title title fusion-title-4 fusion-no-small-visibility fusion-no-medium-visibility fusion-sep-none fusion-title-center fusion-title-text fusion-title-size-one\" style=\"--awb-text-color:#d3bb9b;--awb-margin-top:0px;--awb-margin-bottom:0px;--awb-font-size:50px;\"><h1 class=\"fusion-title-heading title-heading-center\" style=\"font-family:&quot;Montserrat&quot;;font-style:normal;font-weight:800;margin:0;font-size:1em;text-transform:uppercase;line-height:1;\">PLAZAS LIMITADAS<\/h1><\/div><div class=\"fusion-title title fusion-title-5 fusion-no-small-visibility fusion-no-large-visibility fusion-sep-none fusion-title-center fusion-title-text fusion-title-size-one\" style=\"--awb-text-color:#d3bb9b;--awb-margin-top:0px;--awb-margin-bottom:0px;--awb-font-size:30px;\"><h1 class=\"fusion-title-heading title-heading-center\" style=\"font-family:&quot;Montserrat&quot;;font-style:normal;font-weight:800;margin:0;font-size:1em;text-transform:uppercase;line-height:1;\">PLAZAS LIMITADAS<\/h1><\/div><div class=\"fusion-title title fusion-title-6 fusion-no-medium-visibility fusion-no-large-visibility fusion-sep-none fusion-title-center fusion-title-text fusion-title-size-one\" style=\"--awb-text-color:#d3bb9b;--awb-margin-top:0px;--awb-margin-bottom:0px;--awb-font-size:20px;\"><h1 class=\"fusion-title-heading title-heading-center\" style=\"font-family:&quot;Montserrat&quot;;font-style:normal;font-weight:800;margin:0;font-size:1em;text-transform:uppercase;line-height:1;\">PLAZAS LIMITADAS<\/h1><\/div><div class=\"fusion-text fusion-text-1\" style=\"--awb-content-alignment:center;--awb-text-color:#ffffff;--awb-margin-top:20px;--awb-text-font-family:&quot;Montserrat&quot;;--awb-text-font-style:italic;--awb-text-font-weight:400;\"><p>Rellene los campos a continuaci\u00f3n para obtener m\u00e1s informaci\u00f3n<\/p>\n<\/div><script>\r\n\tdocument.addEventListener('wpcf7mailsent', function(event) {\r\n\t\twindow.location.href = 'https:\/\/dolos.balancecompany.pt\/balance-pilates-thank-you\/';\r\n\t}, false);\r\n<\/script>\r\n\n<div class=\"wpcf7 no-js\" id=\"wpcf7-f2008-o1\" lang=\"en-US\" dir=\"ltr\" data-wpcf7-id=\"2008\">\n<div class=\"screen-reader-response\"><p role=\"status\" aria-live=\"polite\" aria-atomic=\"true\"><\/p> <ul><\/ul><\/div>\n<form action=\"\/es\/wp-json\/wp\/v2\/pages\/2005#wpcf7-f2008-o1\" method=\"post\" class=\"wpcf7-form init\" aria-label=\"Formulario de contacto\" novalidate=\"novalidate\" data-status=\"init\" data-trp-original-action=\"\/es\/wp-json\/wp\/v2\/pages\/2005#wpcf7-f2008-o1\">\n<fieldset class=\"hidden-fields-container\"><input type=\"hidden\" name=\"_wpcf7\" value=\"2008\" \/><input type=\"hidden\" name=\"_wpcf7_version\" value=\"6.1.5\" \/><input type=\"hidden\" name=\"_wpcf7_locale\" value=\"en_US\" \/><input type=\"hidden\" name=\"_wpcf7_unit_tag\" value=\"wpcf7-f2008-o1\" \/><input type=\"hidden\" name=\"_wpcf7_container_post\" value=\"0\" \/><input type=\"hidden\" name=\"_wpcf7_posted_data_hash\" value=\"\" \/><input type=\"hidden\" name=\"_uacf7_hidden_conditional_fields\" value=\"\" \/><input type=\"hidden\" name=\"_wpcf7_recaptcha_response\" value=\"\" \/>\n<\/fieldset>\n<div class=\"uacf7-form-2008\"><div class=\"uacf7-row\">\n<div class=\"uacf7-col-12\">\n<label> Nombre\n<span class=\"wpcf7-form-control-wrap\" data-name=\"leadname\"><input size=\"40\" maxlength=\"400\" class=\"wpcf7-form-control wpcf7-text wpcf7-validates-as-required\" aria-required=\"true\" aria-invalid=\"false\" value=\"\" type=\"text\" name=\"leadname\" \/><\/span> <\/label>\n<\/div>\n<\/div>\n\n<div class=\"uacf7-row\">\n<div class=\"uacf7-col-12\">\n<label> Correo electr\u00f3nico\n  <span class=\"wpcf7-form-control-wrap\" data-name=\"email\"><input size=\"40\" maxlength=\"400\" class=\"wpcf7-form-control wpcf7-email wpcf7-validates-as-required wpcf7-text wpcf7-validates-as-email\" aria-required=\"true\" aria-invalid=\"false\" value=\"\" type=\"email\" name=\"email\" \/><\/span> <\/label>\n<\/div>\n<\/div>\n\n<div class=\"uacf7-row\">\n<div class=\"uacf7-col-12\">\n<label> Tel\u00e9fono m\u00f3vil\n  <span class=\"wpcf7-form-control-wrap\" data-name=\"phone\"><input size=\"40\" maxlength=\"400\" class=\"wpcf7-form-control wpcf7-tel wpcf7-validates-as-required wpcf7-text wpcf7-validates-as-tel\" aria-required=\"true\" aria-invalid=\"false\" value=\"\" type=\"tel\" name=\"phone\" \/><\/span> <\/label>\n<\/div>\n<\/div>\n\n<input class=\"wpcf7-form-control wpcf7-hidden\" value=\"\" type=\"hidden\" name=\"coupon\" \/>\n<input class=\"wpcf7-form-control wpcf7-hidden\" value=\"LP_BPS\" type=\"hidden\" name=\"source\" \/>\n<input class=\"wpcf7-form-control wpcf7-hidden\" value=\"ONGOING\" type=\"hidden\" name=\"leadtag\" \/>\n\n<div class=\"uacf7-row\">\n<div class=\"uacf7-col-12\">\n<label> Estudio\n  <span class=\"wpcf7-form-control-wrap\" data-name=\"clientid\"><select class=\"wpcf7-form-control wpcf7-select wpcf7-validates-as-required\" aria-required=\"true\" aria-invalid=\"false\" name=\"clientid\"><option value=\"\">\u2014Por favor elige una opci\u00f3n\u2014<\/option><option value=\"Caldas da Rainha\">jarabe de reina<\/option><option value=\"Campo Pequeno\">Campo Peque\u00f1o<\/option><option value=\"Cascais\">Cascais<\/option><option value=\"Oeiras\">Oeiras<\/option><option value=\"Santo Ant\u00f3nio\">San Antonio<\/option><option value=\"Vila Franca de Xira\">Vila Franca de Xira<\/option><\/select><\/span><\/label>\n<\/div>\n<\/div>\n\n<div class=\"uacf7-row\">\n<div class=\"uacf7-col-12\">\n<label> \nBalance Company, Lda. procesar\u00e1 sus datos personales. Para obtener m\u00e1s informaci\u00f3n, consulte nuestra [enlace a la pol\u00edtica de privacidad\/pol\u00edtica]. <a href=\"https:\/\/balancepilates.pt\/politica-privacidade\/\" target=\"_blank\" style=\"text-decoration: underline;\">pol\u00edtica de privacidad<\/a>.\n  <\/label>\n<\/div>\n<\/div>\n\n<p class=\"new-lp-button\"><input class=\"wpcf7-form-control wpcf7-submit has-spinner\" type=\"submit\" value=\"Quiero saber m\u00e1s\" \/><\/p><\/div><div class=\"fusion-alert alert custom alert-custom fusion-alert-center wpcf7-response-output awb-alert-native-link-color alert-dismissable awb-alert-close-boxed\" style=\"--awb-border-size:1px;--awb-border-top-left-radius:0px;--awb-border-top-right-radius:0px;--awb-border-bottom-left-radius:0px;--awb-border-bottom-right-radius:0px;\" role=\"alert\"><div class=\"fusion-alert-content-wrapper\"><span class=\"fusion-alert-content\"><\/span><\/div><button type=\"button\" class=\"close toggle-alert\" data-dismiss=\"alert\" aria-label=\"Cerca\">\u00d7<\/button><\/div>\n<input type=\"hidden\" name=\"trp-form-language\" value=\"es\"\/><\/form>\n<\/div>\n<div class=\"fusion-text fusion-text-2\" style=\"--awb-content-alignment:center;--awb-font-size:12px;--awb-text-color:#ffffff;--awb-text-font-family:&quot;Montserrat&quot;;--awb-text-font-style:normal;--awb-text-font-weight:400;\"><p>Oferta v\u00e1lida con plazas limitadas disponibles para nuevas membres\u00edas.<\/p>\n<\/div><\/div><\/div><\/div><\/div><\/div>","protected":false},"excerpt":{"rendered":"","protected":false},"author":1,"featured_media":0,"parent":0,"menu_order":0,"comment_status":"closed","ping_status":"closed","template":"100-width.php","meta":{"footnotes":""},"class_list":["post-2005","page","type-page","status-publish","hentry"],"_links":{"self":[{"href":"https:\/\/dolos.balancecompany.pt\/es\/wp-json\/wp\/v2\/pages\/2005","targetHints":{"allow":["GET"]}}],"collection":[{"href":"https:\/\/dolos.balancecompany.pt\/es\/wp-json\/wp\/v2\/pages"}],"about":[{"href":"https:\/\/dolos.balancecompany.pt\/es\/wp-json\/wp\/v2\/types\/page"}],"author":[{"embeddable":true,"href":"https:\/\/dolos.balancecompany.pt\/es\/wp-json\/wp\/v2\/users\/1"}],"replies":[{"embeddable":true,"href":"https:\/\/dolos.balancecompany.pt\/es\/wp-json\/wp\/v2\/comments?post=2005"}],"version-history":[{"count":15,"href":"https:\/\/dolos.balancecompany.pt\/es\/wp-json\/wp\/v2\/pages\/2005\/revisions"}],"predecessor-version":[{"id":2547,"href":"https:\/\/dolos.balancecompany.pt\/es\/wp-json\/wp\/v2\/pages\/2005\/revisions\/2547"}],"wp:attachment":[{"href":"https:\/\/dolos.balancecompany.pt\/es\/wp-json\/wp\/v2\/media?parent=2005"}],"curies":[{"name":"wp","href":"https:\/\/api.w.org\/{rel}","templated":true}]}}